{"id":470,"date":"2023-01-22T11:17:38","date_gmt":"2023-01-22T10:17:38","guid":{"rendered":"https:\/\/www.jamesponiard-peintre.com\/?page_id=470"},"modified":"2025-11-24T10:07:51","modified_gmt":"2025-11-24T09:07:51","slug":"actualites","status":"publish","type":"page","link":"https:\/\/www.jamesponiard-peintre.com\/?page_id=470","title":{"rendered":"Actualit\u00e9s"},"content":{"rendered":"\n<h2 class=\"wp-block-heading\"><strong>Exposition Porte Maubec \u00e0 La Rochelle<\/strong><\/h2>\n\n\n\n<p><strong>Du 20 mai au 8 juin 2023<\/strong><br><strong>Ombres et Lumi\u00e8res<\/strong>.<br>Aquarelles, La Rochelle<\/p>\n\n\n\n<figure class=\"wp-block-image size-full\"><a href=\"https:\/\/www.jamesponiard-peintre.com\/wp-content\/uploads\/2023\/04\/AFFICHE-25x35_opt.jpg\"><img loading=\"lazy\" decoding=\"async\" width=\"600\" height=\"945\" src=\"https:\/\/www.jamesponiard-peintre.com\/wp-content\/uploads\/2023\/04\/AFFICHE-25x35_opt.jpg\" alt=\"\" class=\"wp-image-920\" srcset=\"https:\/\/www.jamesponiard-peintre.com\/wp-content\/uploads\/2023\/04\/AFFICHE-25x35_opt.jpg 600w, https:\/\/www.jamesponiard-peintre.com\/wp-content\/uploads\/2023\/04\/AFFICHE-25x35_opt-190x300.jpg 190w, https:\/\/www.jamesponiard-peintre.com\/wp-content\/uploads\/2023\/04\/AFFICHE-25x35_opt-220x347.jpg 220w\" sizes=\"auto, (max-width: 600px) 100vw, 600px\" \/><\/a><\/figure>\n\n\n\n<figure class=\"wp-block-image size-full\"><a href=\"https:\/\/www.jamesponiard-peintre.com\/wp-content\/uploads\/2023\/04\/Projet-4_opt-1.jpg\"><img loading=\"lazy\" decoding=\"async\" width=\"1000\" height=\"597\" src=\"https:\/\/www.jamesponiard-peintre.com\/wp-content\/uploads\/2023\/04\/Projet-4_opt-1.jpg\" alt=\"\" class=\"wp-image-916\" srcset=\"https:\/\/www.jamesponiard-peintre.com\/wp-content\/uploads\/2023\/04\/Projet-4_opt-1.jpg 1000w, https:\/\/www.jamesponiard-peintre.com\/wp-content\/uploads\/2023\/04\/Projet-4_opt-1-300x179.jpg 300w, https:\/\/www.jamesponiard-peintre.com\/wp-content\/uploads\/2023\/04\/Projet-4_opt-1-768x458.jpg 768w, https:\/\/www.jamesponiard-peintre.com\/wp-content\/uploads\/2023\/04\/Projet-4_opt-1-880x525.jpg 880w, https:\/\/www.jamesponiard-peintre.com\/wp-content\/uploads\/2023\/04\/Projet-4_opt-1-220x131.jpg 220w\" sizes=\"auto, (max-width: 1000px) 100vw, 1000px\" \/><\/a><\/figure>\n\n\n\n<p> <p>Projet r\u00e9alis\u00e9 \u00e0 la demande des propri\u00e9taires du quartier du Gabut, pour illustrer leur vision de l\u2019am\u00e9nagement de cet espace. Espace qui devrait rester libre de constructions pour respecter la proximit\u00e9 des deux tours et l\u2019ouverture vers l\u2019avant port.<\/p>   <p>Un second projet maintenait \u00e0 sa place le hangar avec sa verri\u00e8re en \u00ab\u00a0toit d\u2019usine\u00a0\u00bb qui aurait pu abriter des expositions d\u2019art.<\/p> <\/p>\n\n\n\n<figure class=\"wp-block-image size-full\"><a href=\"https:\/\/www.jamesponiard-peintre.com\/wp-content\/uploads\/2023\/04\/PROJET-2-Copie-2-1.jpg\"><img loading=\"lazy\" decoding=\"async\" width=\"1000\" height=\"598\" src=\"https:\/\/www.jamesponiard-peintre.com\/wp-content\/uploads\/2023\/04\/PROJET-2-Copie-2-1.jpg\" alt=\"\" class=\"wp-image-915\" srcset=\"https:\/\/www.jamesponiard-peintre.com\/wp-content\/uploads\/2023\/04\/PROJET-2-Copie-2-1.jpg 1000w, https:\/\/www.jamesponiard-peintre.com\/wp-content\/uploads\/2023\/04\/PROJET-2-Copie-2-1-300x179.jpg 300w, https:\/\/www.jamesponiard-peintre.com\/wp-content\/uploads\/2023\/04\/PROJET-2-Copie-2-1-768x459.jpg 768w, https:\/\/www.jamesponiard-peintre.com\/wp-content\/uploads\/2023\/04\/PROJET-2-Copie-2-1-880x526.jpg 880w, https:\/\/www.jamesponiard-peintre.com\/wp-content\/uploads\/2023\/04\/PROJET-2-Copie-2-1-220x132.jpg 220w\" sizes=\"auto, (max-width: 1000px) 100vw, 1000px\" \/><\/a><\/figure>\n","protected":false},"excerpt":{"rendered":"<p>Exposition Porte Maubec \u00e0 La Rochelle Du 20 mai au 8 juin 2023Ombres et Lumi\u00e8res.Aquarelles, La Rochelle Projet r\u00e9alis\u00e9 \u00e0 la demande des propri\u00e9taires du quartier du Gabut, pour illustrer leur vision de l\u2019am\u00e9nagement de cet espace. Espace qui devrait rester libre de constructions pour respecter la proximit\u00e9 des deux tours et l\u2019ouverture vers l\u2019avant [&hellip;]<\/p>\n","protected":false},"author":1,"featured_media":0,"parent":0,"menu_order":0,"comment_status":"closed","ping_status":"closed","template":"","meta":{"footnotes":""},"class_list":["post-470","page","type-page","status-publish","hentry"],"_links":{"self":[{"href":"https:\/\/www.jamesponiard-peintre.com\/index.php?rest_route=\/wp\/v2\/pages\/470","targetHints":{"allow":["GET"]}}],"collection":[{"href":"https:\/\/www.jamesponiard-peintre.com\/index.php?rest_route=\/wp\/v2\/pages"}],"about":[{"href":"https:\/\/www.jamesponiard-peintre.com\/index.php?rest_route=\/wp\/v2\/types\/page"}],"author":[{"embeddable":true,"href":"https:\/\/www.jamesponiard-peintre.com\/index.php?rest_route=\/wp\/v2\/users\/1"}],"replies":[{"embeddable":true,"href":"https:\/\/www.jamesponiard-peintre.com\/index.php?rest_route=%2Fwp%2Fv2%2Fcomments&post=470"}],"version-history":[{"count":10,"href":"https:\/\/www.jamesponiard-peintre.com\/index.php?rest_route=\/wp\/v2\/pages\/470\/revisions"}],"predecessor-version":[{"id":1121,"href":"https:\/\/www.jamesponiard-peintre.com\/index.php?rest_route=\/wp\/v2\/pages\/470\/revisions\/1121"}],"wp:attachment":[{"href":"https:\/\/www.jamesponiard-peintre.com\/index.php?rest_route=%2Fwp%2Fv2%2Fmedia&parent=470"}],"curies":[{"name":"wp","href":"https:\/\/api.w.org\/{rel}","templated":true}]}}